{"id":1540411,"date":"2026-05-04T13:54:19","date_gmt":"2026-05-04T13:54:19","guid":{"rendered":"https:\/\/www.div9interior.com\/?page_id=1540411"},"modified":"2026-05-04T13:54:19","modified_gmt":"2026-05-04T13:54:19","slug":"cialis-super-activen-rooli-erektiohairioiden-hoidossa","status":"publish","type":"page","link":"https:\/\/www.div9interior.com\/?page_id=1540411","title":{"rendered":"Cialis Super Activen rooli erektioh\u00e4iri\u00f6iden hoidossa"},"content":{"rendered":"<h1>Cialis Super Active ja eturauhasleikkaus: voitko k\u00e4ytt\u00e4\u00e4 sit\u00e4?<\/h1>\n<p>T\u00e4ss\u00e4 artikkelissa tarkastellaan Cialis Super Activen k\u00e4ytt\u00f6\u00e4 eturauhasleikkauksen j\u00e4lkeen, sen tehokkuutta, mahdollisia yhteisvaikutuksia ja potilaiden kokemuksia.<\/p>\n<h2>Cialis Super Active: yleiskatsaus<\/h2>\n<p>Cialis Super Active on suositun erektioh\u00e4iri\u00f6l\u00e4\u00e4kkeen tehokas formulaatio, joka on suunniteltu tarjoamaan nopeampia tuloksia ja pidemm\u00e4n vaikutusajan. Se sis\u00e4lt\u00e4\u00e4 vaikuttavana aineena Tadalafiilia, joka tunnetaan erektiotoiminnan parantamisesta lis\u00e4\u00e4m\u00e4ll\u00e4 verenkiertoa penikseen. T\u00e4t\u00e4 Cialis-varianttia pidet\u00e4\u00e4n usein parempana sen nopean vaikutuksen vuoksi, ja vaikutukset ovat yleens\u00e4 havaittavissa 30 minuutissa.<\/p>\n<p>Toisin kuin tavallinen Cialis, joka on tablettimuodossa, Cialis Super Active on saatavana geelikapselina, mik\u00e4 mahdollistaa nopeamman imeytymisen verenkiertoon. T\u00e4m\u00e4 formulaatio on erityisen edullinen niille, jotka etsiv\u00e4t v\u00e4litt\u00f6m\u00e4mp\u00e4\u00e4 vastausta. On kuitenkin t\u00e4rke\u00e4\u00e4 ymm\u00e4rt\u00e4\u00e4, kuinka t\u00e4m\u00e4 l\u00e4\u00e4kitys sopii laajempaan erektioh\u00e4iri\u00f6hoitojen kontekstiin ja sen soveltuvuus yksil\u00f6llisiin terveystiloihin.<\/p>\n<h2>Kuinka Cialis Super Active toimii kehossa<\/h2>\n<p>Mekanismi, jolla Cialis Super Active toimii, sis\u00e4lt\u00e4\u00e4 entsyymin fosfodiesteraasi tyyppi 5 (PDE5) eston. T\u00e4m\u00e4 entsyymi on vastuussa verenkierron s\u00e4\u00e4telyst\u00e4 peniksess\u00e4. Est\u00e4m\u00e4ll\u00e4 PDE5:n, Cialis Super Active parantaa luonnollista erektiovastetta seksuaaliseen stimulaatioon, mik\u00e4 helpottaa erektion saavuttamista ja yll\u00e4pitoa.<\/p>\n<p>Nieltyn\u00e4 geelikapseli liukenee nopeasti ja Tadalafiili p\u00e4\u00e4see verenkiertoon. Sen vaikutukset voivat kest\u00e4\u00e4 jopa 36 tuntia, jolloin se ansaitsee lempinimen &quot;viikonlopun pilleri.&quot; T\u00e4m\u00e4 pitkittynyt kesto mahdollistaa spontaanisemman seksuaalisen aktiivisuuden, mik\u00e4 v\u00e4hent\u00e4\u00e4 tarvetta suunnitella l\u00e4\u00e4kkeen vaikutuksia.<\/p>\n<h2>Cialis Super Activen rooli erektioh\u00e4iri\u00f6iden hoidossa<\/h2>\n<p>Erektioh\u00e4iri\u00f6 (ED) voi vaikuttaa merkitt\u00e4v\u00e4sti miehen el\u00e4m\u00e4nlaatuun ja vaikuttaa sek\u00e4 psyykkiseen hyvinvointiin ett\u00e4 l\u00e4heisiin ihmissuhteisiin. Cialis Super Active on ratkaisevassa roolissa t\u00e4m\u00e4n tilan hoidossa tarjoten tehokkaan ratkaisun niille, jotka tarvitsevat nopeaa ja jatkuvaa hoitovastetta.<\/p>\n<p>Kliiniset tutkimukset ovat osoittaneet Tadalafiilin tehon erektiotoiminnan parantamisessa, ja monet potilaat ovat raportoineet lis\u00e4\u00e4ntyneest\u00e4 seksuaalisesta suorituskyvyst\u00e4 ja tyytyv\u00e4isyydest\u00e4. Kyky yll\u00e4pit\u00e4\u00e4 riitt\u00e4v\u00e4 erektio yhdynt\u00e4\u00e4 varten on olennainen osa seksuaaliterveytt\u00e4, ja Cialis Super Active tarjoaa luotettavan vaihtoehdon ED:n kanssa kamppaileville miehille.<\/p>\n<h2>Eturauhasleikkaus: mit\u00e4 odottaa<\/h2>\n<p>Eturauhasleikkaus, joka yleens\u00e4 tehd\u00e4\u00e4n eturauhassy\u00f6v\u00e4n tai hyv\u00e4nlaatuisen eturauhasen liikakasvun hoitoon, sis\u00e4lt\u00e4\u00e4 eturauhasen osittaisen tai t\u00e4ydellisen poistamisen. Leikkauksen tyyppi riippuu hoidettavasta tilasta, ja vaihtoehtoja ovat radikaali prostatektomia, eturauhasen transuretraalinen resektio (TURP) ja laserleikkaus.<\/p>\n<p>Potilaat, joille tehd\u00e4\u00e4n eturauhasleikkaus, voivat odottaa sairaalahoitoa muutamasta p\u00e4iv\u00e4st\u00e4 viikkoon riippuen toimenpiteen tyypist\u00e4 ja yksil\u00f6llisist\u00e4 toipumisasteista. Leikkauksen j\u00e4lkeinen hoito keskittyy kivun hallintaan, infektioiden ehk\u00e4isyyn ja paranemisen edist\u00e4miseen, ja katetrointi tarvitaan usein virtsan toiminnan auttamiseksi alkutoipumisvaiheessa.<\/p>\n<h2>Leikkauksen j\u00e4lkeinen toipuminen ja seksuaalinen terveys<\/h2>\n<p>Eturauhasleikkauksen j\u00e4lkeinen toipumisaika on ratkaiseva fyysisen paranemisen lis\u00e4ksi my\u00f6s seksuaalisen toiminnan muutoksiin puuttumisen kannalta. Monet miehet kokevat erektioh\u00e4iri\u00f6it\u00e4 leikkauksen j\u00e4lkeen hermovaurion tai peniksen verenkierron muutoksen seurauksena. On t\u00e4rke\u00e4\u00e4 ymm\u00e4rt\u00e4\u00e4, ett\u00e4 t\u00e4m\u00e4 on yleinen tulos ja ett\u00e4 seksuaalisen toiminnan palautuminen voi kest\u00e4\u00e4 kuukausia tai jopa vuosia.<\/p>\n<p>Terveydenhuollon tarjoajat suosittelevat tyypillisesti <a href=\"https:\/\/hoitavaapteekki.com\/cialis-super-active-hinta-ilman-reseptia\">https:\/\/hoitavaapteekki.com\/cialis-super-active-hinta-ilman-reseptia<\/a> l\u00e4\u00e4ketieteellisten ja terapeuttisten toimenpiteiden yhdistelm\u00e4\u00e4 leikkauksen j\u00e4lkeisen seksuaaliterveyden hoitamiseksi. N\u00e4it\u00e4 voivat olla l\u00e4\u00e4kitys, peniksen kuntoutusharjoitukset ja psykologinen tuki, joka auttaa potilaita sopeutumaan muutoksiin ja yll\u00e4pit\u00e4m\u00e4\u00e4n tyydytt\u00e4v\u00e4\u00e4 seksiel\u00e4m\u00e4\u00e4.<\/p>\n<h2>Mahdolliset vuorovaikutukset Cialis Super Activen ja eturauhasl\u00e4\u00e4kkeiden v\u00e4lill\u00e4<\/h2>\n<p>Kun harkitaan Cialis Super Active -hoitoa eturauhasleikkauksen j\u00e4lkeen, on t\u00e4rke\u00e4\u00e4 olla tietoinen mahdollisista yhteisvaikutuksista muiden l\u00e4\u00e4kkeiden kanssa. Eturauhasleikkauspotilaat k\u00e4ytt\u00e4v\u00e4t usein l\u00e4\u00e4kkeit\u00e4 oireiden, kuten virtsankarkailun tai yliaktiivisen virtsarakon, hallitsemiseksi, mik\u00e4 voi olla vuorovaikutuksessa erektioh\u00e4iri\u00f6iden hoitojen kanssa.<\/p>\n<p>Yleisi\u00e4 eturauhasleikkauksen j\u00e4lkeen m\u00e4\u00e4r\u00e4ttyj\u00e4 l\u00e4\u00e4kkeit\u00e4 ovat alfasalpaajat ja 5-alfa-reduktaasin est\u00e4j\u00e4t. N\u00e4m\u00e4 voivat muuttaa verenpainetta ja muita syd\u00e4n- ja verisuoniparametreja, mink\u00e4 vuoksi potilaiden on v\u00e4ltt\u00e4m\u00e4t\u00f6nt\u00e4 neuvotella terveydenhuollon tarjoajansa kanssa varmistaakseen Cialis Super Activen turvallisen k\u00e4yt\u00f6n n\u00e4iden hoitojen ohella.<\/p>\n<h2>L\u00e4\u00e4ketieteelliset ohjeet Cialis Super Activen k\u00e4ytt\u00f6\u00f6n eturauhasleikkauksen j\u00e4lkeen<\/h2>\n<p>Cialis Super Activen k\u00e4ytt\u00f6\u00e4 eturauhasleikkauksen j\u00e4lkeen tulee ohjata l\u00e4\u00e4k\u00e4rin ohjeiden mukaan. Terveydenhuollon ammattilaiset arvioivat yleens\u00e4 potilaan yleisen terveydentilan, leikkauksen erityispiirteet ja toipumisen edistymisen ennen erektioh\u00e4iri\u00f6l\u00e4\u00e4kkeiden m\u00e4\u00e4r\u00e4\u00e4mist\u00e4.<\/p>\n<p>L\u00e4\u00e4k\u00e4rit voivat aluksi suositella pienemp\u00e4\u00e4 Cialis Super Active -annosta ja s\u00e4\u00e4t\u00e4\u00e4 sit\u00e4 v\u00e4hitellen potilaan vasteen ja sietokyvyn perusteella. S\u00e4\u00e4nn\u00f6llinen seuranta on t\u00e4rke\u00e4\u00e4 l\u00e4\u00e4kkeen tehokkuuden seuraamiseksi ja mahdollisten haittavaikutusten torjumiseksi.<\/p>\n<h2>Leikkauksen j\u00e4lkeisen Cialis Super Activen riskit ja edut<\/h2>\n<p>Cialis Super Activen k\u00e4ytt\u00f6 eturauhasleikkauksen j\u00e4lkeen sis\u00e4lt\u00e4\u00e4 sek\u00e4 riskej\u00e4 ett\u00e4 etuja. Ensisijainen hy\u00f6ty on mahdollinen erektiotoiminnan palautuminen, mik\u00e4 voi parantaa huomattavasti el\u00e4m\u00e4nlaatua ja henkil\u00f6kohtaisia \u200b\u200bsuhteita. Monet potilaat kertovat parantuneensa itseluottamuksestaan \u200b\u200bja tyytyv\u00e4isyydest\u00e4\u00e4n seksuaaliterveyteens\u00e4 onnistuneen Cialis Super Active -hoidon j\u00e4lkeen.<\/p>\n<p>Riskeihin kuuluvat kuitenkin mahdolliset sivuvaikutukset, kuten p\u00e4\u00e4ns\u00e4rky, huimaus tai yhteisvaikutukset muiden l\u00e4\u00e4kkeiden kanssa. On my\u00f6s mahdollisuus psyykkiseen riippuvuuteen, jossa potilaat ovat voimakkaasti riippuvaisia \u200b\u200bl\u00e4\u00e4kkeist\u00e4 seksuaalisen suorituskyvyn saavuttamiseksi. On eritt\u00e4in t\u00e4rke\u00e4\u00e4 punnita n\u00e4it\u00e4 tekij\u00f6it\u00e4 ja keskustella niist\u00e4 perusteellisesti terveydenhuollon tarjoajan kanssa.<\/p>\n<h2>Potilaskokemukset: Cialis Super Active eturauhasleikkauksen j\u00e4lkeen<\/h2>\n<p>Potilaiden kokemukset Cialis Super Activesta eturauhasleikkauksen j\u00e4lkeen ovat erilaisia, mik\u00e4 heijastelee yksil\u00f6llisi\u00e4 eroja terveydess\u00e4 ja toipumisessa. Jotkut potilaat raportoivat merkitt\u00e4vist\u00e4 parannuksista erektiotoiminnassa, kun taas toiset pit\u00e4v\u00e4t l\u00e4\u00e4kityst\u00e4 v\u00e4hemm\u00e4n tehokkaana tai heill\u00e4 on sivuvaikutuksia, jotka vaikuttavat heid\u00e4n yleiseen tyytyv\u00e4isyytens\u00e4.<\/p>\n<p>Tukiryhmiss\u00e4 ja foorumeilla jaetut henkil\u00f6kohtaiset tarinat korostavat k\u00e4rsiv\u00e4llisyyden ja realististen odotusten t\u00e4rkeytt\u00e4. Toipuminen eturauhasleikkauksesta on asteittainen prosessi, ja Cialis Super Activen tehokkuus voi vaihdella leikkauksen aikaisen hermon s\u00e4ilymisen laajuuden ja muiden yksil\u00f6llisten terveystekij\u00f6iden mukaan.<\/p>\n<h2>Terveydenhuollon tarjoajan konsultointi: mist\u00e4 keskustella<\/h2>\n<p>Ennen kuin aloitat eturauhasen j\u00e4lkeisen Cialis Super Active -leikkauksen, yksityiskohtainen keskustelu terveydenhuollon tarjoajan kanssa on v\u00e4ltt\u00e4m\u00e4t\u00f6nt\u00e4. T\u00e4rkeimm\u00e4t k\u00e4sitelt\u00e4v\u00e4t aiheet sis\u00e4lt\u00e4v\u00e4t mahdolliset riskit ja hy\u00f6dyt, olemassa olevat sairaudet ja nykyiset l\u00e4\u00e4kkeet, jotka voivat olla vuorovaikutuksessa hoidon kanssa.<\/p>\n<p>Potilaiden tulee my\u00f6s kysy\u00e4 vaihtoehtoisista hoitovaihtoehdoista, odotetusta parannusaikataulusta ja sivuvaikutusten seurannasta. Avoin kommunikointi terveydenhuollon tarjoajan kanssa voi auttaa r\u00e4\u00e4t\u00e4l\u00f6im\u00e4\u00e4n potilaan tarpeita ja terveydentilaa parhaiten vastaavan hoitosuunnitelman.<\/p>\n<h2>Cialis Super Active -annossuositukset eturauhasleikkauksen j\u00e4lkeen<\/h2>\n<p>Suositeltu Cialis Super Active -annos eturauhasleikkauksen j\u00e4lkeen on tyypillisesti pienempi kuin tavallisessa erektioh\u00e4iri\u00f6n hoidossa, jotta voidaan ottaa huomioon potilaan terveydentilassa tapahtuvat muutokset. Yleinen aloitusannos on 5 mg, jota voidaan s\u00e4\u00e4t\u00e4\u00e4 tehon ja sivuvaikutusten perusteella.<\/p>\n<p>On t\u00e4rke\u00e4\u00e4, ett\u00e4 potilaat noudattavat terveydenhuollon tarjoajansa annostusta ja tiheytt\u00e4 koskevia ohjeita riskien minimoimiseksi ja hoitotulosten optimoimiseksi. S\u00e4\u00e4nn\u00f6llinen annostuksen ja sen vaikutusten tarkistaminen on ratkaisevan t\u00e4rke\u00e4\u00e4 erektioh\u00e4iri\u00f6n tehokkaassa hoidossa leikkauksen j\u00e4lkeen.<\/p>\n<h2>Vaihtoehtoiset hoidot erektioh\u00e4iri\u00f6ille eturauhasleikkauksen j\u00e4lkeen<\/h2>\n<p>Potilaille, joille Cialis Super Active ei sovellu tai tehoa, on saatavilla vaihtoehtoisia erektioh\u00e4iri\u00f6iden hoitoja. Tyhji\u00f6erektiolaitteet, penisimplantit ja intrakavernosaaliset injektiot ovat joitakin vaihtoehtoja, joita voidaan harkita.<\/p>\n<p>N\u00e4m\u00e4 vaihtoehdot voivat olla tehokkaita niille, jotka eiv\u00e4t reagoi oraalisiin l\u00e4\u00e4kkeisiin tai haluavat ei-l\u00e4\u00e4kehoitoja. Jokaisella vaihtoehdolla on omat etunsa ja huomionsa, joista tulee keskustella terveydenhuollon tarjoajan kanssa, jotta varmistetaan, ett\u00e4 ne sopivat parhaiten potilaan el\u00e4m\u00e4ntyyliin ja terveystarpeisiin.<\/p>\n<h2>Elintapamuutokset parantamaan palautumista ja seksuaalista toimintaa<\/h2>\n<p>L\u00e4\u00e4kehoitojen lis\u00e4ksi el\u00e4m\u00e4ntapojen muutoksilla voi olla merkitt\u00e4v\u00e4 rooli eturauhasleikkauksen j\u00e4lkeisen palautumisen ja seksuaalisen toiminnan parantamisessa. S\u00e4\u00e4nn\u00f6llinen liikunta, tasapainoinen ruokavalio ja stressinhallintatekniikat voivat edist\u00e4\u00e4 yleist\u00e4 hyvinvointia ja seksuaalista terveytt\u00e4.<\/p>\n<p>My\u00f6s tupakoinnin lopettamista ja alkoholin k\u00e4yt\u00f6n v\u00e4hent\u00e4mist\u00e4 suositellaan, sill\u00e4 n\u00e4m\u00e4 tavat voivat vaikuttaa negatiivisesti erektiotoimintaan ja palautumiseen. Potilaita rohkaistaan \u200b\u200bomaksumaan kokonaisvaltainen l\u00e4hestymistapa, jossa l\u00e4\u00e4ketieteelliset hoidot yhdistet\u00e4\u00e4n terveellisiin el\u00e4m\u00e4ntapoihin maksimoidakseen toipumispotentiaalin.<\/p>\n<h2>Sivuvaikutusten seuranta ja hallinta<\/h2>\n<p>Sivuvaikutusten seuranta on t\u00e4rke\u00e4 osa Cialis Super Activen k\u00e4ytt\u00f6\u00e4 eturauhasleikkauksen j\u00e4lkeen. Yleisi\u00e4 sivuvaikutuksia ovat p\u00e4\u00e4ns\u00e4rky, ruoansulatush\u00e4iri\u00f6t ja lihaskivut, jotka usein v\u00e4henev\u00e4t ajan my\u00f6t\u00e4, mutta niist\u00e4 tulee ilmoittaa terveydenhuollon tarjoajalle, jos ne jatkuvat.<\/p>\n<p>Vakavampien sivuvaikutusten, kuten n\u00e4k\u00f6- tai kuulomuutosten, tulisi vaatia v\u00e4lit\u00f6nt\u00e4 l\u00e4\u00e4k\u00e4rinhoitoa. S\u00e4\u00e4nn\u00f6lliset neuvottelut terveydenhuollon tarjoajan kanssa voivat auttaa hallitsemaan n\u00e4it\u00e4 sivuvaikutuksia ja mukauttamaan hoitoa tarpeen mukaan turvallisuuden ja tehon yll\u00e4pit\u00e4miseksi.<\/p>\n<h2>Pitk\u00e4n aikav\u00e4lin n\u00e4kym\u00e4t eturauhasleikkauspotilaille, jotka k\u00e4ytt\u00e4v\u00e4t Cialis Super Active -ohjelmaa<\/h2>\n<p>Cialis Super Active -hoitoa k\u00e4ytt\u00e4vien eturauhasleikkauspotilaiden pitk\u00e4n aikav\u00e4lin n\u00e4kym\u00e4t vaihtelevat suuresti riippuen yksil\u00f6llisist\u00e4 terveydellisist\u00e4 tekij\u00f6ist\u00e4 ja hermojen s\u00e4ilymisen laajuudesta leikkauksen aikana. Monet potilaat kokevat merkitt\u00e4vi\u00e4 parannuksia erektiotoiminnassa ajan my\u00f6t\u00e4, vaikka jotkut saattavat vaatia jatkuvaa hoitoa tulosten s\u00e4ilytt\u00e4miseksi.<\/p>\n<p>Viime k\u00e4dess\u00e4 l\u00e4\u00e4kehoitojen, el\u00e4m\u00e4ntapamuutosten ja s\u00e4\u00e4nn\u00f6llisen l\u00e4\u00e4ketieteellisen seurannan yhdistelm\u00e4 voi parantaa eturauhasleikkauspotilaiden pitk\u00e4n aikav\u00e4lin el\u00e4m\u00e4nlaatua. Tekem\u00e4ll\u00e4 tiivist\u00e4 yhteisty\u00f6t\u00e4 terveydenhuollon tarjoajien kanssa potilaat voivat navigoida toipumismatkallaan entist\u00e4 varmemmin ja saavuttaa tyydytt\u00e4vi\u00e4 tuloksia.<\/p>\n","protected":false},"excerpt":{"rendered":"<p>Cialis Super Active ja eturauhasleikkaus: voitko k\u00e4ytt\u00e4\u00e4 sit\u00e4? T\u00e4ss\u00e4 artikkelissa tarkastellaan Cialis Super Activen k\u00e4ytt\u00f6\u00e4 eturauhasleikkauksen j\u00e4lkeen, sen tehokkuutta, mahdollisia yhteisvaikutuksia ja potilaiden kokemuksia. Cialis Super Active: yleiskatsaus Cialis Super Active on suositun erektioh\u00e4iri\u00f6l\u00e4\u00e4kkeen tehokas formulaatio, joka on suunniteltu tarjoamaan nopeampia tuloksia ja pidemm\u00e4n vaikutusajan. Se sis\u00e4lt\u00e4\u00e4 vaikuttavana aineena Tadalafiilia, joka tunnetaan erektiotoiminnan parantamisesta lis\u00e4\u00e4m\u00e4ll\u00e4 [&hellip;]<\/p>\n","protected":false},"author":1,"featured_media":0,"parent":0,"menu_order":0,"comment_status":"closed","ping_status":"closed","template":"","meta":{"footnotes":""},"class_list":["post-1540411","page","type-page","status-publish","hentry"],"_links":{"self":[{"href":"https:\/\/www.div9interior.com\/index.php?rest_route=\/wp\/v2\/pages\/1540411"}],"collection":[{"href":"https:\/\/www.div9interior.com\/index.php?rest_route=\/wp\/v2\/pages"}],"about":[{"href":"https:\/\/www.div9interior.com\/index.php?rest_route=\/wp\/v2\/types\/page"}],"author":[{"embeddable":true,"href":"https:\/\/www.div9interior.com\/index.php?rest_route=\/wp\/v2\/users\/1"}],"replies":[{"embeddable":true,"href":"https:\/\/www.div9interior.com\/index.php?rest_route=%2Fwp%2Fv2%2Fcomments&post=1540411"}],"version-history":[{"count":1,"href":"https:\/\/www.div9interior.com\/index.php?rest_route=\/wp\/v2\/pages\/1540411\/revisions"}],"predecessor-version":[{"id":1540413,"href":"https:\/\/www.div9interior.com\/index.php?rest_route=\/wp\/v2\/pages\/1540411\/revisions\/1540413"}],"wp:attachment":[{"href":"https:\/\/www.div9interior.com\/index.php?rest_route=%2Fwp%2Fv2%2Fmedia&parent=1540411"}],"curies":[{"name":"wp","href":"https:\/\/api.w.org\/{rel}","templated":true}]}}