{"id":1541230,"date":"2026-05-04T15:54:56","date_gmt":"2026-05-04T15:54:56","guid":{"rendered":"https:\/\/www.div9interior.com\/?page_id=1541230"},"modified":"2026-05-04T15:54:56","modified_gmt":"2026-05-04T15:54:56","slug":"kako-odrediti-pravu-dozu-ciproa-za-vase-stanje","status":"publish","type":"page","link":"https:\/\/www.div9interior.com\/?page_id=1541230","title":{"rendered":"Kako odrediti pravu dozu Ciproa za va\u0161e stanje"},"content":{"rendered":"<h1>Cipro generi\u010dki vodi\u010d za doziranje za odrasle: ja\u010dine, vrijeme i obroci<\/h1>\n<p>Ovaj sveobuhvatni vodi\u010d zadubljuje se u odgovaraju\u0107e doziranje Cipro Generica za odrasle, pokrivaju\u0107i ja\u010dine, vrijeme, razmatranje obroka i vi\u0161e.<\/p>\n<h2>Razumijevanje Cipro Generica i njegove upotrebe<\/h2>\n<p>Ciprofloksacin, \u010desto poznat pod robnom markom Cipro, antibiotik je \u0161irokog spektra koji pripada klasi fluorokinolona. Prvenstveno se koristi za lije\u010denje raznih bakterijskih infekcija, uklju\u010duju\u0107i infekcije mokra\u0107nog sustava, infekcije di\u0161nog sustava i infekcije ko\u017ee. Njegova u\u010dinkovitost proizlazi iz njegove sposobnosti da inhibira bakterijsku DNA girazu, koja je neophodna za bakterijsku replikaciju i transkripciju.<\/p>\n<p>Cipro se na\u0161iroko propisuje zbog svoje u\u010dinkovitosti protiv gram-pozitivnih i gram-negativnih bakterija. Me\u0111utim, njegova je uporaba op\u0107enito rezervirana za infekcije koje se ne mogu lije\u010diti drugim, manje sna\u017enim antibioticima. To je zbog zabrinutosti o mogu\u0107im nuspojavama i razvoju bakterijske rezistencije.<\/p>\n<h2>Preporu\u010deno doziranje Ciproa za odrasle<\/h2>\n<p>Standardne ja\u010dine doze za Cipro u odraslih obi\u010dno se kre\u0107u izme\u0111u 250 mg do 750 mg, ovisno o te\u017eini i vrsti infekcije koja se lije\u010di. Na primjer, nekomplicirane infekcije mokra\u0107nog sustava mogu zahtijevati ni\u017ee doze, dok te\u017ee infekcije poput upale plu\u0107a mogu zahtijevati ve\u0107e doze.<\/p>\n<p>Klju\u010dno je da se doza prilagodi specifi\u010dnim potrebama bolesnika, uzimaju\u0107i u obzir prirodu infekcije, bubre\u017enu funkciju bolesnika i sva druga temeljna zdravstvena stanja. Zdravstveni radnici obi\u010dno odre\u0111uju najprikladniju dozu nakon temeljite procjene.<\/p>\n<h2>Kako odrediti pravu dozu Ciproa za va\u0161e stanje<\/h2>\n<p>Odre\u0111ivanje prave doze Ciproa uklju\u010duje pa\u017eljivu procjenu pacijentove povijesti bolesti i karakteristika infekcije. \u010cimbenici kao \u0161to su mjesto infekcije, uzro\u010dnici i prethodni antibiotski tretmani klju\u010dni su u ovom procesu. Pru\u017eatelji zdravstvenih usluga tako\u0111er mogu uzeti u obzir dob, te\u017einu i funkciju bubrega pacijenta.<\/p>\n<p>Uz ove \u010dimbenike, laboratorijski testovi koji identificiraju specifi\u010dne bakterije koje uzrokuju infekciju mogu pomo\u0107i u odlu\u010divanju o naju\u010dinkovitijem doziranju. To osigurava da je antibiotik u\u010dinkovit i minimalno invazivan za cjelokupno zdravlje pacijenta.<\/p>\n<h2>Odredite svoje doze Ciproa za optimalnu u\u010dinkovitost<\/h2>\n<p>Pravilno vrijeme uzimanja doza Ciproa klju\u010dno je za odr\u017eavanje odgovaraju\u0107e razine lijeka u tijelu, \u010dime se osigurava u\u010dinkovitost antibiotika. Op\u0107enito, Cipro se uzima dva puta dnevno, svakih 12 sati, kako bi se odr\u017eala stalna koncentracija u krvotoku.<\/p>\n<p>Bolesnicima se savjetuje da se strogo pridr\u017eavaju propisanog vremena i izbjegavaju preskakanje doza. Ova konzistencija poma\u017ee u sprje\u010davanju razvoja rezistencije i maksimizira terapijske u\u010dinke lijeka.<\/p>\n<h2>Uloga obroka u apsorpciji cipra<\/h2>\n<p>Na apsorpciju Cipra mo\u017ee utjecati unos hrane, iako se mo\u017ee uzimati sa ili bez hrane. Me\u0111utim, uzimanje na prazan \u017eeludac mo\u017ee pove\u0107ati stopu apsorpcije, \u0161to dovodi do u\u010dinkovitijih rezultata.<\/p>\n<p>Va\u017eno je izbjegavati mlije\u010dne proizvode ili sokove <a href=\"https:\/\/zdravaapoteka24.com\/kupiti-cipro-genericki-bez-recepta\">https:\/\/zdravaapoteka24.com\/kupiti-cipro-genericki-bez-recepta<\/a> oboga\u0107ene kalcijem u vrijeme uzimanja Cipra, jer oni mogu ometati sposobnost tijela da u\u010dinkovito apsorbira lijek. Stoga pra\u0107enje vremena obroka mo\u017ee igrati klju\u010dnu ulogu u ukupnoj u\u010dinkovitosti lijeka.<\/p>\n<h2>Prilagodbe doze Ciproa za posebne skupine<\/h2>\n<p>Posebne populacije, kao \u0161to su starije osobe ili osobe s o\u0161te\u0107enjem bubrega, mogu zahtijevati prilagodbu doze kako bi se sprije\u010dila potencijalna toksi\u010dnost ili nuspojave. Bolesnicima sa smanjenom funkcijom bubrega mogu se propisati ni\u017ee doze kako bi se sprije\u010dilo nakupljanje lijeka u tijelu.<\/p>\n<p>Sli\u010dno tome, stariji pacijenti \u010desto zahtijevaju pa\u017eljivo pra\u0107enje i mogu\u0107e prilagodbe doze zbog fiziolo\u0161kih promjena koje dolaze sa starenjem, a koje mogu utjecati na metabolizam i izlu\u010divanje lijeka.<\/p>\n<h2>Potencijalne interakcije s Ciprom i kako utje\u010de na doziranje<\/h2>\n<p>Cipro mo\u017ee stupiti u interakciju s brojnim drugim lijekovima, \u0161to mo\u017ee zahtijevati prilagodbu doze. Na primjer, antacidi koji sadr\u017ee magnezij ili aluminij mogu smanjiti apsorpciju Cipra, smanjuju\u0107i tako njegovu u\u010dinkovitost.<\/p>\n<p>Osim toga, Cipro mo\u017ee poja\u010dati u\u010dinke odre\u0111enih razrje\u0111iva\u010da krvi, poput varfarina, \u0161to dovodi do pove\u0107anog rizika od krvarenja. Od vitalne je va\u017enosti da pacijenti obavijeste svog lije\u010dnika o svim lijekovima koje uzimaju kako bi ubla\u017eili mogu\u0107e interakcije.<\/p>\n<h2>Upravljanje propu\u0161tenim dozama Ciprona<\/h2>\n<p>Ako se propusti doza lijeka Cipro, treba je uzeti \u010dim se bolesnik sjeti. Me\u0111utim, ako je blizu vrijeme za sljede\u0107u dozu, propu\u0161tenu dozu treba presko\u010diti kako bi se izbjeglo dvostruko doziranje. Odr\u017eavanje dosljednog rasporeda klju\u010dno je za uspjeh lijeka.<\/p>\n<p>Pacijentima se savjetuje da postave podsjetnike ili koriste organizatore tableta kako bi lak\u0161e upravljali rasporedom doziranja. To mo\u017ee zna\u010dajno smanjiti vjerojatnost propu\u0161tanja doza i pobolj\u0161ati rezultate lije\u010denja.<\/p>\n<h2>Prepoznavanje nuspojava od doziranja Ciproa<\/h2>\n<p>Kao i svi lijekovi, Cipro mo\u017ee izazvati nuspojave, u rasponu od blagih do te\u0161kih. Uobi\u010dajene nuspojave uklju\u010duju mu\u010dninu, proljev i vrtoglavicu. Oni se op\u0107enito mogu kontrolirati, ali ih treba prijaviti lije\u010dniku ako potraju ili se pogor\u0161aju.<\/p>\n<p>Ozbiljnije nuspojave uklju\u010duju rupturu tetive i u\u010dinke na sredi\u0161nji \u017eiv\u010dani sustav, poput drhtanja ili smetenosti. Pacijenti koji osjete bilo kakve neuobi\u010dajene simptome trebaju odmah potra\u017eiti lije\u010dni\u010dku pomo\u0107 kako bi se rije\u0161ile mogu\u0107e komplikacije.<\/p>\n<h2>Savjeti za sigurno skladi\u0161tenje i rukovanje Ciprom<\/h2>\n<p>Cipro treba \u010duvati na hladnom i suhom mjestu, daleko od izravne sun\u010deve svjetlosti i vlage. \u010cuvanje lijeka u originalnom pakiranju mo\u017ee pomo\u0107i u za\u0161titi od \u010dimbenika iz okoli\u0161a koji bi mogli umanjiti njegovu u\u010dinkovitost.<\/p>\n<p>Va\u017eno je dr\u017eati Cipro izvan dohvata djece i ku\u0107nih ljubimaca kako biste sprije\u010dili slu\u010dajno gutanje. Nadalje, sve neiskori\u0161tene lijekove ili lijekove kojima je istekao rok trajanja potrebno je pravilno zbrinuti, slijede\u0107i lokalne smjernice za farmaceutski otpad.<\/p>\n<h2>Cipro doziranje u kombinaciji s drugim lijekovima<\/h2>\n<p>Kada se Cipro koristi u kombinaciji s drugim antibioticima, mo\u017ee pove\u0107ati ili smanjiti njihovu u\u010dinkovitost. Stoga je klju\u010dno pridr\u017eavati se preporuka lije\u010dnika o kombinacijama.<\/p>\n<p>Lije\u010dnici mogu propisati Cipro zajedno s drugim lijekovima za slo\u017eene infekcije, osiguravaju\u0107i da kombinacija u\u010dinkovito djeluje na vi\u0161e vrsta bakterija. Potrebno je pa\u017eljivo pra\u0107enje kako bi se uo\u010dile bilo kakve nuspojave ili interakcije.<\/p>\n<h2>Pratite svoje zdravlje dok ste na Cipru<\/h2>\n<p>Tijekom uzimanja lijeka Cipro potrebno je redovito pra\u0107enje kako bi se osigurao uspjeh lije\u010denja i ubla\u017eile potencijalne nuspojave. Mogu se provesti krvne pretrage kako bi se procijenila funkcija bubrega i jetre, osobito u scenarijima dugotrajne terapije.<\/p>\n<p>Pacijente se poti\u010de da odmah prijave sve nove simptome ili brige svom lije\u010dniku. Stalna komunikacija poma\u017ee u prilago\u0111avanju plana lije\u010denja razvoju zdravstvenog stanja pacijenta.<\/p>\n<h2>Kada se posavjetovati s lije\u010dnikom o doziranju Ciproa<\/h2>\n<p>Savjetovanje s pru\u017eateljem zdravstvenih usluga klju\u010dno je ako postoji zabrinutost oko u\u010dinkovitosti ili nuspojava Ciproa. Prilagodbe doze ili alternativne terapije mogu biti potrebne ako lijekovi ne posti\u017eu \u017eeljene rezultate.<\/p>\n<p>Bolesnici bi tako\u0111er trebali potra\u017eiti lije\u010dni\u010dki savjet ako ve\u0107 imaju stanja koja bi Ciprom mogao pogor\u0161ati ili ako su trudni ili doje jer ti \u010dimbenici mogu utjecati na pristup lije\u010denju.<\/p>\n<h2>Alternative za Cipro za odrasle pacijente<\/h2>\n<p>Za bolesnike koji ne podnose Cipro ili za koje je neu\u010dinkovit, mogu se razmotriti alternativni antibiotici. Opcije kao \u0161to su amoksicilin, doksiciklin ili azitromicin mogu se koristiti ovisno o infekciji i povijesti bolesti pacijenta.<\/p>\n<p>Te su alternative odabrane na temelju njihovog spektra djelovanja, profila nuspojava i specifi\u010dnih potreba pacijenta. Pru\u017eatelj zdravstvenih usluga \u0107e odrediti najprikladniju opciju na temelju sveobuhvatne procjene.<\/p>\n<h2>\u010cesto postavljana pitanja o doziranju Ciproa za odrasle<\/h2>\n<p>Pacijenti \u010desto imaju pitanja o trajanju lije\u010denja Ciprom i \u0161to u\u010diniti u slu\u010daju nuspojava. Tipi\u010dno, tijek lije\u010denja mo\u017ee trajati od nekoliko dana do nekoliko tjedana, ovisno o infekciji.<\/p>\n<p>O nuspojavama, interakcijama s drugim lijekovima i dugoro\u010dnim zdravstvenim implikacijama treba razgovarati s lije\u010dnikom kako bi se osigurala sigurna i u\u010dinkovita uporaba Ciproa. Poti\u010de se otvoreni dijalog kako bi se odgovorilo na sve upite i osigurala sigurnost pacijenata.<\/p>\n","protected":false},"excerpt":{"rendered":"<p>Cipro generi\u010dki vodi\u010d za doziranje za odrasle: ja\u010dine, vrijeme i obroci Ovaj sveobuhvatni vodi\u010d zadubljuje se u odgovaraju\u0107e doziranje Cipro Generica za odrasle, pokrivaju\u0107i ja\u010dine, vrijeme, razmatranje obroka i vi\u0161e. Razumijevanje Cipro Generica i njegove upotrebe Ciprofloksacin, \u010desto poznat pod robnom markom Cipro, antibiotik je \u0161irokog spektra koji pripada klasi fluorokinolona. Prvenstveno se koristi za [&hellip;]<\/p>\n","protected":false},"author":1,"featured_media":0,"parent":0,"menu_order":0,"comment_status":"closed","ping_status":"closed","template":"","meta":{"footnotes":""},"class_list":["post-1541230","page","type-page","status-publish","hentry"],"_links":{"self":[{"href":"https:\/\/www.div9interior.com\/index.php?rest_route=\/wp\/v2\/pages\/1541230"}],"collection":[{"href":"https:\/\/www.div9interior.com\/index.php?rest_route=\/wp\/v2\/pages"}],"about":[{"href":"https:\/\/www.div9interior.com\/index.php?rest_route=\/wp\/v2\/types\/page"}],"author":[{"embeddable":true,"href":"https:\/\/www.div9interior.com\/index.php?rest_route=\/wp\/v2\/users\/1"}],"replies":[{"embeddable":true,"href":"https:\/\/www.div9interior.com\/index.php?rest_route=%2Fwp%2Fv2%2Fcomments&post=1541230"}],"version-history":[{"count":1,"href":"https:\/\/www.div9interior.com\/index.php?rest_route=\/wp\/v2\/pages\/1541230\/revisions"}],"predecessor-version":[{"id":1541232,"href":"https:\/\/www.div9interior.com\/index.php?rest_route=\/wp\/v2\/pages\/1541230\/revisions\/1541232"}],"wp:attachment":[{"href":"https:\/\/www.div9interior.com\/index.php?rest_route=%2Fwp%2Fv2%2Fmedia&parent=1541230"}],"curies":[{"name":"wp","href":"https:\/\/api.w.org\/{rel}","templated":true}]}}