{"id":1541586,"date":"2026-05-04T17:02:48","date_gmt":"2026-05-04T17:02:48","guid":{"rendered":"https:\/\/www.div9interior.com\/?page_id=1541586"},"modified":"2026-05-04T17:02:48","modified_gmt":"2026-05-04T17:02:48","slug":"az-olumiant-generic-gyakori-mellekhatasai","status":"publish","type":"page","link":"https:\/\/www.div9interior.com\/?page_id=1541586","title":{"rendered":"Az Olumiant Generic gyakori mell\u00e9khat\u00e1sai"},"content":{"rendered":"<h1>Olumiant Generikus \u00e9s alkohol\/\u00e9tel: mi biztons\u00e1gos, mi nem<\/h1>\n<p>Az Olumiant Generic \u00e9s az alkohol\/\u00e9lelmiszer k\u00f6z\u00f6tti k\u00f6lcs\u00f6nhat\u00e1sok felt\u00e1r\u00e1sa, valamint annak meg\u00e9rt\u00e9se, hogyan lehet biztons\u00e1gosan eligazodni a potenci\u00e1lis kock\u00e1zatokon \u00e9s \u00e9letm\u00f3d-m\u00f3dos\u00edt\u00e1sokon.<\/p>\n<h2>Az Olumiant Generic meg\u00e9rt\u00e9se: \u00e1ttekint\u00e9s<\/h2>\n<p>Az Olumiant Generic, tudom\u00e1nyos nev\u00e9n baricitinib, els\u0151sorban a rheumatoid arthritis kezel\u00e9s\u00e9re haszn\u00e1lt gy\u00f3gyszer. A Janus kin\u00e1z inhibitoroknak nevezett gy\u00f3gyszerek csoportj\u00e1ba tartozik, amelyek a szervezetben a gyullad\u00e1shoz vezet\u0151 utakat megszak\u00edtj\u00e1k. Ezeket a specifikus \u00fatvonalakat megc\u00e9lozva az Olumiant Generic seg\u00edt cs\u00f6kkenteni a s\u00falyos autoimmun \u00e1llapotokhoz kapcsol\u00f3d\u00f3 t\u00fcneteket, p\u00e9ld\u00e1ul \u00edz\u00fcleti f\u00e1jdalmat, duzzanatot \u00e9s merevs\u00e9get.<\/p>\n<p>K\u00fcl\u00f6nf\u00e9le eg\u00e9szs\u00e9g\u00fcgyi hat\u00f3s\u00e1gok, k\u00f6zt\u00fck az Eur\u00f3pai Gy\u00f3gyszer\u00fcgyn\u00f6ks\u00e9g \u00e9s az Egyes\u00fclt \u00c1llamok j\u00f3v\u00e1hagyta.S. A Food and Drug Administration, az Olumiant Generic bizonyos gyullad\u00e1sos \u00e1llapotok kezel\u00e9s\u00e9nek kritikus \u00f6sszetev\u0151j\u00e9v\u00e9 v\u00e1lt. Hat\u00e9konys\u00e1ga a t\u00fcnetek kezel\u00e9s\u00e9ben n\u00e9pszer\u0171v\u00e9 tette az eg\u00e9szs\u00e9g\u00fcgyi szolg\u00e1ltat\u00f3k k\u00f6r\u00e9ben. Azonban, mint minden gy\u00f3gyszernek, ennek is megvannak a maga megfontol\u00e1sai, k\u00fcl\u00f6n\u00f6sen az \u00e9telekkel \u00e9s alkohollal val\u00f3 k\u00f6lcs\u00f6nhat\u00e1sok tekintet\u00e9ben.<\/p>\n<h2>Hogyan m\u0171k\u00f6dik az Olumiant Generic a szervezetben<\/h2>\n<p>Bead\u00e1s ut\u00e1n az Olumiant Generic felsz\u00edv\u00f3dik a v\u00e9r\u00e1ramba, ahol a Janus kin\u00e1zok aktivit\u00e1s\u00e1nak g\u00e1tl\u00e1s\u00e1val kezdi kifejteni hat\u00e1s\u00e1t. Ezek az enzimek kulcsszerepet j\u00e1tszanak a gyullad\u00e1shoz vezet\u0151 jel\u00e1tviteli \u00fatvonalakban. Ezen enzimek blokkol\u00e1s\u00e1val az Olumiant Generic cs\u00f6kkenti a gyullad\u00e1sos v\u00e1laszt, ez\u00e1ltal enyh\u00edti a rheumatoid arthritis t\u00fcneteit.<\/p>\n<p>Fontos meg\u00e9rteni, hogy az Olumiant Generic hat\u00e9konys\u00e1ga a gyullad\u00e1s szab\u00e1lyoz\u00e1s\u00e1ban egy\u00e9nenk\u00e9nt elt\u00e9r\u0151 lehet. Olyan t\u00e9nyez\u0151k, mint az anyagcsere, a genetikai fel\u00e9p\u00edt\u00e9s \u00e9s m\u00e1s gy\u00f3gyszerek jelenl\u00e9te befoly\u00e1solhatj\u00e1k a hat\u00e1s\u00e1t. Ezenk\u00edv\u00fcl az el\u0151\u00edrt adagok \u00e9s id\u0151z\u00edt\u00e9s betart\u00e1sa kulcsfontoss\u00e1g\u00fa a ter\u00e1pi\u00e1s hat\u00e1sok meg\u0151rz\u00e9s\u00e9hez.<\/p>\n<h2>Az Olumiant Generic gyakori mell\u00e9khat\u00e1sai<\/h2>\n<p>M\u00edg az Olumiant Generic hat\u00e9kony a rheumatoid arthritis kezel\u00e9s\u00e9ben, nem mentes a mell\u00e9khat\u00e1sokt\u00f3l. A gyakran jelentett mell\u00e9khat\u00e1sok k\u00f6z\u00e9 tartozik a h\u00e1nyinger, a fejf\u00e1j\u00e1s \u00e9s a fels\u0151 l\u00e9g\u00fati fert\u0151z\u00e9sek. Ezek \u00e1ltal\u00e1ban enyh\u00e9k, \u00e9s magukt\u00f3l megsz\u0171nnek, ahogy a szervezet alkalmazkodik a gy\u00f3gyszerhez.<\/p>\n<p>A s\u00falyosabb mell\u00e9khat\u00e1sok, b\u00e1r ritk\u00e1k, magukban foglalhatj\u00e1k a fert\u0151z\u00e9sek fokozott kock\u00e1zat\u00e1t az immunszuppresszi\u00f3, a m\u00e1jenzimek emelked\u00e9se \u00e9s a v\u00e9rsejtsz\u00e1m v\u00e1ltoz\u00e1sa miatt. Elengedhetetlen, hogy a betegek minden szokatlan t\u00fcnetet azonnal jelentsenek eg\u00e9szs\u00e9g\u00fcgyi szolg\u00e1ltat\u00f3juknak. Javasolhat\u00f3 a v\u00e9rvizsg\u00e1lattal v\u00e9gzett rutin ellen\u0151rz\u00e9s annak biztos\u00edt\u00e1sa \u00e9rdek\u00e9ben, hogy a gy\u00f3gyszer ne legyen k\u00e1ros hat\u00e1ssal a szervezetre.<\/p>\n<h2>Alkohol \u00e9s Olumiant Generic: lehets\u00e9ges kock\u00e1zatok<\/h2>\n<p>Az alkohol \u00e9s az Olumiant Generic egy\u00fcttes alkalmaz\u00e1sa \u00f3vatoss\u00e1got ig\u00e9nyel, mivel a mell\u00e9khat\u00e1sok s\u00falyosbodhatnak \u00e9s befoly\u00e1solhatj\u00e1k a m\u00e1jfunkci\u00f3t. Maga az alkohol irrit\u00e1lhatja a m\u00e1jat, \u00e9s a m\u00e1jon kereszt\u00fcl metaboliz\u00e1l\u00f3d\u00f3 gy\u00f3gyszerekkel egy\u00fctt szedve n\u00f6velheti a m\u00e1jk\u00e1rosod\u00e1s kock\u00e1zat\u00e1t.<\/p>\n<p>A betegeknek azt tan\u00e1csoljuk, hogy legyenek tudat\u00e1ban a m\u00e1jbetegs\u00e9g jeleinek, p\u00e9ld\u00e1ul s\u00e1rgas\u00e1gnak, s\u00f6t\u00e9t vizeletnek vagy tart\u00f3s h\u00e1nyingernek, \u00e9s ha ezek a t\u00fcnetek jelentkeznek, forduljanak orvoshoz. Az alkohol \u00e9s az Olumiant Generic szinergikus hat\u00e1sa szint\u00e9n fokozhatja az immunszuppresszi\u00f3t, potenci\u00e1lisan n\u00f6velve a fert\u0151z\u00e9sek kock\u00e1zat\u00e1t.<\/p>\n<h2>Biztons\u00e1gos alkoholfogyaszt\u00e1s az Olumiant Generic haszn\u00e1lata k\u00f6zben<\/h2>\n<p>Azok sz\u00e1m\u00e1ra, akik az Olumiant Generic szed\u00e9se k\u00f6zben alkoholt fogyasztanak, kulcsfontoss\u00e1g\u00fa a m\u00e9rt\u00e9kletess\u00e9g. \u00c1ltal\u00e1ban aj\u00e1nlott az alkoholfogyaszt\u00e1st az alkalmi haszn\u00e1latra korl\u00e1tozni, \u00e9s be kell tartani az eg\u00e9szs\u00e9g\u00fcgyi szakemberek \u00e1ltal meghat\u00e1rozott ir\u00e1nyelveket. Sokak sz\u00e1m\u00e1ra ez azt jelentheti, hogy alkalmank\u00e9nt egy vagy k\u00e9t szok\u00e1sos italra korl\u00e1tozz\u00e1k a fogyaszt\u00e1st.<\/p>\n<p>A betegeknek fontol\u00f3ra kell venni\u00fck <a href=\"https:\/\/digitalispatika.com\/vasarolni-olumiant-generikus-veny-nelkul\">https:\/\/digitalispatika.com\/vasarolni-olumiant-generikus-veny-nelkul<\/a> alkoholfogyaszt\u00e1suk id\u0151z\u00edt\u00e9s\u00e9t is, hogy minimaliz\u00e1lj\u00e1k a k\u00f6lcs\u00f6nhat\u00e1sokat. P\u00e9ld\u00e1ul, ha az Olumiant Generic szed\u00e9s\u00e9nek id\u0151pontj\u00e1hoz k\u00f6zel ker\u00fcli az alkoholt, cs\u00f6kkentheti a k\u00e1ros hat\u00e1sok val\u00f3sz\u00edn\u0171s\u00e9g\u00e9t. V\u00e9gs\u0151 soron kulcsfontoss\u00e1g\u00fa, hogy ny\u00edlt p\u00e1rbesz\u00e9det folytassunk egy eg\u00e9szs\u00e9g\u00fcgyi szolg\u00e1ltat\u00f3val az alkoholfogyaszt\u00e1sr\u00f3l, hogy a tan\u00e1csokat az egy\u00e9ni eg\u00e9szs\u00e9g\u00fcgyi sz\u00fcks\u00e9gletekhez igaz\u00edtsuk.<\/p>\n<h2>Az Olumiant Generic szed\u00e9se sor\u00e1n ker\u00fclend\u0151 \u00e9lelmiszerek<\/h2>\n<p>B\u00e1r nincsenek olyan specifikus \u00e9lelmiszerek, amelyeket \u00e1ltal\u00e1nosan el kellene ker\u00fclni az Olumiant Generic szed\u00e9se sor\u00e1n, bizonyos \u00e9trend-m\u00f3dos\u00edt\u00e1sok tan\u00e1csosak lehetnek. A magas zs\u00edr- vagy cukortartalm\u00fa \u00e9lelmiszerek potenci\u00e1lisan befoly\u00e1solhatj\u00e1k a gy\u00f3gyszer felsz\u00edv\u00f3d\u00e1s\u00e1t \u00e9s hat\u00e9konys\u00e1g\u00e1t.<\/p>\n<p>Ezenk\u00edv\u00fcl a betegeknek azt tan\u00e1csolhatj\u00e1k, hogy ker\u00fclj\u00e9k a K-vitaminban gazdag \u00e9teleket, ha egyidej\u0171leg v\u00e9rh\u00edg\u00edt\u00f3 gy\u00f3gyszert szednek, mivel a K-vitamin befoly\u00e1solhatja a v\u00e9ralvad\u00e1si folyamatokat. \u00c1ltal\u00e1ban a c\u00e9l egy kiegyens\u00falyozott \u00e9trend fenntart\u00e1sa, amely t\u00e1mogatja az \u00e1ltal\u00e1nos eg\u00e9szs\u00e9get \u00e9s kieg\u00e9sz\u00edti a ter\u00e1pi\u00e1s rendet.<\/p>\n<h2>Olumiant Generic-et szed\u0151 betegek sz\u00e1m\u00e1ra aj\u00e1nlott \u00e9trend<\/h2>\n<p>El\u0151ny\u00f6s lehet az a di\u00e9ta, amely t\u00e1mogatja az Olumiant Generic gyullad\u00e1scs\u00f6kkent\u0151 hat\u00e1s\u00e1t. Az omega-3 zs\u00edrsavakban gazdag \u00e9lelmiszerek, p\u00e9ld\u00e1ul halak, lenmagok \u00e9s di\u00f3 bevitele seg\u00edthet a gyullad\u00e1s tov\u00e1bbi cs\u00f6kkent\u00e9s\u00e9ben. A k\u00fcl\u00f6nf\u00e9le gy\u00fcm\u00f6lcs\u00f6k \u00e9s z\u00f6lds\u00e9gek fogyaszt\u00e1sa n\u00e9lk\u00fcl\u00f6zhetetlen vitaminokat \u00e9s antioxid\u00e1nsokat biztos\u00edt, amelyek t\u00e1mogatj\u00e1k az immunrendszer m\u0171k\u00f6d\u00e9s\u00e9t.<\/p>\n<p>A teljes ki\u0151rl\u00e9s\u0171 gabon\u00e1k \u00e9s a sov\u00e1ny feh\u00e9rj\u00e9k szint\u00e9n aj\u00e1nlottak az energiaszint fenntart\u00e1sa \u00e9s a testi funkci\u00f3k t\u00e1mogat\u00e1sa \u00e9rdek\u00e9ben. A hidrat\u00e1lts\u00e1g, valamint a t\u00falzott s\u00f3 \u00e9s a feldolgozott \u00e9lelmiszerek ker\u00fcl\u00e9se hozz\u00e1j\u00e1rulhat az \u00e1ltal\u00e1nos j\u00f3l\u00e9thez a gy\u00f3gyszeres kezel\u00e9s alatt. A t\u00e1pl\u00e1lkoz\u00e1si szak\u00e9rt\u0151vel folytatott konzult\u00e1ci\u00f3 tov\u00e1bbi szem\u00e9lyre szabott \u00e9trendi \u00fatmutat\u00e1st adhat.<\/p>\n<h2>K\u00f6lcs\u00f6nhat\u00e1sok az Olumiant generikus \u00e9s k\u00f6z\u00f6ns\u00e9ges \u00e9lelmiszerek k\u00f6z\u00f6tt<\/h2>\n<p>B\u00e1r az Olumiant Generic nem rendelkezik kiterjedt \u00e9lelmiszer-k\u00f6lcs\u00f6nhat\u00e1sokkal, alapvet\u0151 fontoss\u00e1g\u00fa annak meg\u00e9rt\u00e9se, hogy bizonyos \u00e9lelmiszerek k\u00f6zvetetten hogyan befoly\u00e1solhatj\u00e1k a hat\u00e9konys\u00e1g\u00e1t. P\u00e9ld\u00e1ul az olyan \u00e9lelmiszerek, amelyek megv\u00e1ltoztatj\u00e1k a b\u00e9lfl\u00f3r\u00e1t vagy a gyomor-b\u00e9lrendszer motilit\u00e1s\u00e1t, befoly\u00e1solhatj\u00e1k a gy\u00f3gyszer felsz\u00edv\u00f3d\u00e1s\u00e1t. A probiotikumok \u00e9s rostban gazdag \u00e9telek seg\u00edthetnek fenntartani az eg\u00e9szs\u00e9ges em\u00e9szt\u0151rendszert, biztos\u00edtva a gy\u00f3gyszer optim\u00e1lis felsz\u00edv\u00f3d\u00e1s\u00e1t.<\/p>\n<p>A betegeknek figyelembe kell venni\u00fck az \u00e1ltaluk szedett egy\u00e9b gy\u00f3gyszerekkel kapcsolatos speci\u00e1lis \u00e9trendi korl\u00e1toz\u00e1sokat is, mivel ezek hat\u00e1ssal lehetnek \u00e1ltal\u00e1nos \u00e9trendj\u00fckre \u00e9s \u00e9letm\u00f3djukra. Az eg\u00e9szs\u00e9g\u00fcgyi szolg\u00e1ltat\u00f3kkal folytatott rendszeres konzult\u00e1ci\u00f3 seg\u00edthet a lehets\u00e9ges \u00e9lelmiszer-gy\u00f3gyszer k\u00f6lcs\u00f6nhat\u00e1sok hat\u00e9kony kezel\u00e9s\u00e9ben.<\/p>\n<h2>A mell\u00e9khat\u00e1sok kezel\u00e9se \u00e9trendi v\u00e1laszt\u00e1sokkal<\/h2>\n<p>Az \u00e9trend m\u00f3dos\u00edt\u00e1sa jelent\u0151s szerepet j\u00e1tszhat az Olumiant Generic mell\u00e9khat\u00e1sainak kezel\u00e9s\u00e9ben. P\u00e9ld\u00e1ul, ha a betegek gyomor-b\u00e9lrendszeri kellemetlens\u00e9geket tapasztalnak, alacsony zs\u00edrtartalm\u00fa \u00e9s k\u00f6nnyen em\u00e9szthet\u0151 \u00e9telek fogyaszt\u00e1sa enyh\u00edtheti a t\u00fcneteket. A gy\u00f6mb\u00e9r tea \u00e9s a borsmenta term\u00e9szetes gy\u00f3gym\u00f3dok lehetnek a h\u00e1nyinger ellen.<\/p>\n<p>A f\u00e1radts\u00e1gt\u00f3l szenved\u0151k sz\u00e1m\u00e1ra hasznos lehet az energian\u00f6vel\u0151 \u00e9lelmiszerek, p\u00e9ld\u00e1ul az \u00f6sszetett sz\u00e9nhidr\u00e1tok \u00e9s a B-vitaminban gazdag \u00e9telek fogyaszt\u00e1sa. A megfelel\u0151 hidrat\u00e1lts\u00e1g \u00e9s a rendszeres \u00e9tkez\u00e9si \u00fctemterv fenntart\u00e1sa az \u00e1ltal\u00e1nos eg\u00e9szs\u00e9gi \u00e1llapotot is el\u0151seg\u00edtheti, \u00e9s m\u00e9rs\u00e9kelheti a mell\u00e9khat\u00e1sokat.<\/p>\n<h2>Szakmai ir\u00e1nyelvek az Olumiant Generic alkoholfogyaszt\u00e1s\u00e1r\u00f3l<\/h2>\n<p>Az eg\u00e9szs\u00e9g\u00fcgyi szakemberek \u00e1ltal\u00e1ban \u00f3vatoss\u00e1got javasolnak az Olumiant Generic szed\u00e9se alatti alkoholfogyaszt\u00e1ssal kapcsolatban. Az ir\u00e1nyelvek hangs\u00falyozz\u00e1k az egy\u00e9ni \u00e9rt\u00e9kel\u00e9s fontoss\u00e1g\u00e1t, figyelembe v\u00e9ve olyan t\u00e9nyez\u0151ket, mint a m\u00e1jfunkci\u00f3, az \u00e1ltal\u00e1nos eg\u00e9szs\u00e9gi \u00e1llapot \u00e9s az egyidej\u0171 gy\u00f3gyszerhaszn\u00e1lat.<\/p>\n<p>Gyakran javasolj\u00e1k, hogy a betegek besz\u00e9lj\u00e9k meg alkoholfogyaszt\u00e1si szok\u00e1saikat eg\u00e9szs\u00e9g\u00fcgyi szolg\u00e1ltat\u00f3ikkal, hogy szem\u00e9lyre szabott tan\u00e1csokat kapjanak. Ez a besz\u00e9lget\u00e9s seg\u00edthet egyens\u00falyban tartani az alkohol \u00e9lvezet\u00e9t az eg\u00e9szs\u00e9g \u00e9s a gy\u00f3gyszer hat\u00e9konys\u00e1g\u00e1nak meg\u0151rz\u00e9s\u00e9nek sz\u00fcks\u00e9gess\u00e9g\u00e9vel.<\/p>\n<h2>A betegek tapasztalatai: Alkohol \u00e9s Olumiant Generic<\/h2>\n<p>A betegek alkoholfogyaszt\u00e1ssal kapcsolatos tapasztalatai az Olumiant Generic alkalmaz\u00e1sa sor\u00e1n nagyon elt\u00e9r\u0151ek. Egyesek minim\u00e1lis probl\u00e9m\u00e1kr\u00f3l sz\u00e1molnak be m\u00e9rt\u00e9kletes alkoholfogyaszt\u00e1s eset\u00e9n, m\u00edg m\u00e1sok fokozott mell\u00e9khat\u00e1sokat vagy m\u00e1jprobl\u00e9m\u00e1kat tapasztalhatnak. Ezek az anekdotikus besz\u00e1mol\u00f3k r\u00e1vil\u00e1g\u00edtanak az egy\u00e9nre szabott gondoz\u00e1s \u00e9s megfigyel\u00e9s fontoss\u00e1g\u00e1ra.<\/p>\n<p>A tapasztalatok megoszt\u00e1sa t\u00e1mogat\u00f3 csoportokban vagy eg\u00e9szs\u00e9g\u00fcgyi szolg\u00e1ltat\u00f3kkal betekint\u00e9st \u00e9s megnyugtat\u00e1st ny\u00fajthat a betegek sz\u00e1m\u00e1ra, akik saj\u00e1t kezel\u00e9s\u00fck sor\u00e1n navig\u00e1lnak. Az ilyen megbesz\u00e9l\u00e9sek gyakran adnak gyakorlati tippeket \u00e9s strat\u00e9gi\u00e1kat az \u00e9letm\u00f3dv\u00e1laszt\u00e1s \u00e9s az orvosi kezel\u00e9s integr\u00e1l\u00e1s\u00e1ra.<\/p>\n<h2>Konzult\u00e1ci\u00f3 eg\u00e9szs\u00e9g\u00fcgyi szolg\u00e1ltat\u00f3kkal az Olumiant \u00e1ltal\u00e1nos k\u00f6lcs\u00f6nhat\u00e1sair\u00f3l<\/h2>\n<p>Az eg\u00e9szs\u00e9g\u00fcgyi szolg\u00e1ltat\u00f3kkal folytatott rendszeres konzult\u00e1ci\u00f3 alapvet\u0151 fontoss\u00e1g\u00fa az Olumiant Generic \u00e9s az alkohol vagy \u00e9lelmiszer k\u00f6z\u00f6tti lehets\u00e9ges k\u00f6lcs\u00f6nhat\u00e1sok kezel\u00e9s\u00e9ben. Ezeknek a megbesz\u00e9l\u00e9seknek mind a kezel\u00e9s orvosi vonatkoz\u00e1saira, mind a p\u00e1ciens \u00e9letm\u00f3dbeli preferenci\u00e1ira kell \u00f6sszpontos\u00edtaniuk, hogy kiegyens\u00falyozott megk\u00f6zel\u00edt\u00e9st alak\u00edtsanak ki az eg\u00e9szs\u00e9gkezel\u00e9sben.<\/p>\n<p>A betegeket arra biztatjuk, hogy hangot adjanak a kezel\u00e9si renddel kapcsolatos agg\u00e1lyaiknak vagy k\u00e9rd\u00e9seiknek. Ez a proakt\u00edv kommunik\u00e1ci\u00f3 megk\u00f6nny\u00edtheti a kezel\u00e9si tervek \u00e9s az \u00e9trendi aj\u00e1nl\u00e1sok m\u00f3dos\u00edt\u00e1s\u00e1t, biztos\u00edtva az Olumiant Generic legbiztons\u00e1gosabb \u00e9s leghat\u00e9konyabb haszn\u00e1lat\u00e1t.<\/p>\n<h2>Az Olumiant \u00e1ltal\u00e1nos \u00e9s \u00e9letm\u00f3dbeli megfontol\u00e1sok hossz\u00fa t\u00e1v\u00fa haszn\u00e1lata<\/h2>\n<p>Az Olumiant Generic hossz\u00fa t\u00e1v\u00fa haszn\u00e1lat\u00e1t fontolgat\u00f3 betegek sz\u00e1m\u00e1ra az \u00e9letm\u00f3d megfontol\u00e1sok m\u00e9g fontosabb\u00e1 v\u00e1lnak. Az eg\u00e9szs\u00e9ges \u00e9letm\u00f3d fenntart\u00e1sa, bele\u00e9rtve a kiegyens\u00falyozott \u00e9trendet \u00e9s a rendszeres fizikai aktivit\u00e1st, el\u0151seg\u00edtheti a gy\u00f3gyszer hat\u00e9konys\u00e1g\u00e1t, \u00e9s id\u0151vel minimaliz\u00e1lhatja a mell\u00e9khat\u00e1sokat.<\/p>\n<p>A rendszeres eg\u00e9szs\u00e9g\u00fcgyi ellen\u0151rz\u00e9s \u00e9s monitoroz\u00e1s elengedhetetlen a gy\u00f3gyszer szervezetre gyakorolt \u200b\u200bhat\u00e1s\u00e1nak nyomon k\u00f6vet\u00e9s\u00e9hez \u00e9s a sz\u00fcks\u00e9ges m\u00f3dos\u00edt\u00e1sok elv\u00e9gz\u00e9s\u00e9hez. A betegeknek fel kell k\u00e9sz\u00fclni\u00fck az esetleges \u00e9letm\u00f3dbeli v\u00e1ltoz\u00e1sokra is, ha eg\u00e9szs\u00e9g\u00fcgyi szolg\u00e1ltat\u00f3juk tan\u00e1csot ad, k\u00fcl\u00f6n\u00f6sen az alkoholfogyaszt\u00e1ssal \u00e9s az \u00e9tkez\u00e9si szok\u00e1sokkal kapcsolatban.<\/p>\n<h2>Az eg\u00e9szs\u00e9gi \u00e1llapot ellen\u0151rz\u00e9se az Olumiant Generic szed\u00e9se k\u00f6zben<\/h2>\n<p>A folyamatos eg\u00e9szs\u00e9g\u00fcgyi monitoroz\u00e1s l\u00e9tfontoss\u00e1g\u00fa az Olumiant Generic-et szed\u0151 betegek sz\u00e1m\u00e1ra. A rendszeres v\u00e9rvizsg\u00e1latok seg\u00edthetnek nyomon k\u00f6vetni a gy\u00f3gyszer m\u00e1jfunkci\u00f3ra \u00e9s v\u00e9rsejtsz\u00e1mra gyakorolt \u200b\u200bhat\u00e1s\u00e1t. Az eg\u00e9szs\u00e9g\u00fcgyi napl\u00f3 vezet\u00e9se az \u00faj t\u00fcnetek vagy mell\u00e9khat\u00e1sok r\u00f6gz\u00edt\u00e9s\u00e9re hasznos eszk\u00f6z lehet mind a betegek, mind az eg\u00e9szs\u00e9g\u00fcgyi szolg\u00e1ltat\u00f3k sz\u00e1m\u00e1ra.<\/p>\n<p>A lehets\u00e9ges interakci\u00f3kr\u00f3l val\u00f3 t\u00e1j\u00e9kozotts\u00e1g \u00e9s az eg\u00e9szs\u00e9gi \u00e1llapot v\u00e1ltoz\u00e1saival kapcsolatos \u00e9bers\u00e9g k\u00e9pess\u00e9 teheti a betegeket arra, hogy akt\u00edv szerepet v\u00e1llaljanak kezel\u00e9s\u00fckben. Ez a proakt\u00edv megk\u00f6zel\u00edt\u00e9s megk\u00f6nny\u00edti az id\u0151ben t\u00f6rt\u00e9n\u0151 beavatkoz\u00e1st \u00e9s cs\u00f6kkenti a sz\u00f6v\u0151dm\u00e9nyek kock\u00e1zat\u00e1t.<\/p>\n<h2>Tippek az Olumiant Generic \u00e9s a mindennapi \u00e9let biztons\u00e1gos kombin\u00e1l\u00e1s\u00e1hoz<\/h2>\n<p>Az Olumiant Generic sikeres integr\u00e1l\u00e1sa a mindennapi \u00e9letbe az orvosi \u00fatmutat\u00e1s \u00e9s a szem\u00e9lyes kiigaz\u00edt\u00e1sok kombin\u00e1ci\u00f3j\u00e1t foglalja mag\u00e1ban. A betegeknek el\u0151nyben kell r\u00e9szes\u00edteni\u00fck a gy\u00f3gyszert minden nap ugyanabban az id\u0151ben, hogy fenntarts\u00e1k az \u00e1lland\u00f3 v\u00e9rszintet. Az eg\u00e9szs\u00e9ges t\u00e1pl\u00e1lkoz\u00e1st, rendszeres testmozg\u00e1st \u00e9s elegend\u0151 pihen\u00e9st mag\u00e1ban foglal\u00f3 rutin kialak\u00edt\u00e1sa jav\u00edthatja az \u00e1ltal\u00e1nos j\u00f3l\u00e9tet.<\/p>\n<p>Az Olumiant Generic biztons\u00e1gos haszn\u00e1lat\u00e1nak kulcsfontoss\u00e1g\u00fa elemei az alkoholfogyaszt\u00e1sra val\u00f3 odafigyel\u00e9s \u00e9s a megalapozott t\u00e1pl\u00e1lkoz\u00e1si d\u00f6nt\u00e9sek meghozatala. Az eg\u00e9szs\u00e9g\u00fcgyi szolg\u00e1ltat\u00f3kkal folytatott ny\u00edlt kommunik\u00e1ci\u00f3 \u00e9s az \u00e9letm\u00f3dbeli szok\u00e1sok sz\u00fcks\u00e9g szerinti \u00e1talak\u00edt\u00e1s\u00e1ra val\u00f3 hajland\u00f3s\u00e1g seg\u00edthet a betegeknek abban, hogy hat\u00e9konyan kezelj\u00e9k \u00e1llapotukat, \u00e9s j\u00f3 \u00e9letmin\u0151s\u00e9get \u00e9lvezhessenek.<\/p>\n","protected":false},"excerpt":{"rendered":"<p>Olumiant Generikus \u00e9s alkohol\/\u00e9tel: mi biztons\u00e1gos, mi nem Az Olumiant Generic \u00e9s az alkohol\/\u00e9lelmiszer k\u00f6z\u00f6tti k\u00f6lcs\u00f6nhat\u00e1sok felt\u00e1r\u00e1sa, valamint annak meg\u00e9rt\u00e9se, hogyan lehet biztons\u00e1gosan eligazodni a potenci\u00e1lis kock\u00e1zatokon \u00e9s \u00e9letm\u00f3d-m\u00f3dos\u00edt\u00e1sokon. Az Olumiant Generic meg\u00e9rt\u00e9se: \u00e1ttekint\u00e9s Az Olumiant Generic, tudom\u00e1nyos nev\u00e9n baricitinib, els\u0151sorban a rheumatoid arthritis kezel\u00e9s\u00e9re haszn\u00e1lt gy\u00f3gyszer. A Janus kin\u00e1z inhibitoroknak nevezett gy\u00f3gyszerek csoportj\u00e1ba tartozik, [&hellip;]<\/p>\n","protected":false},"author":1,"featured_media":0,"parent":0,"menu_order":0,"comment_status":"closed","ping_status":"closed","template":"","meta":{"footnotes":""},"class_list":["post-1541586","page","type-page","status-publish","hentry"],"_links":{"self":[{"href":"https:\/\/www.div9interior.com\/index.php?rest_route=\/wp\/v2\/pages\/1541586"}],"collection":[{"href":"https:\/\/www.div9interior.com\/index.php?rest_route=\/wp\/v2\/pages"}],"about":[{"href":"https:\/\/www.div9interior.com\/index.php?rest_route=\/wp\/v2\/types\/page"}],"author":[{"embeddable":true,"href":"https:\/\/www.div9interior.com\/index.php?rest_route=\/wp\/v2\/users\/1"}],"replies":[{"embeddable":true,"href":"https:\/\/www.div9interior.com\/index.php?rest_route=%2Fwp%2Fv2%2Fcomments&post=1541586"}],"version-history":[{"count":1,"href":"https:\/\/www.div9interior.com\/index.php?rest_route=\/wp\/v2\/pages\/1541586\/revisions"}],"predecessor-version":[{"id":1541588,"href":"https:\/\/www.div9interior.com\/index.php?rest_route=\/wp\/v2\/pages\/1541586\/revisions\/1541588"}],"wp:attachment":[{"href":"https:\/\/www.div9interior.com\/index.php?rest_route=%2Fwp%2Fv2%2Fmedia&parent=1541586"}],"curies":[{"name":"wp","href":"https:\/\/api.w.org\/{rel}","templated":true}]}}